{"id":2,"date":"2025-10-31T08:32:38","date_gmt":"2025-10-31T08:32:38","guid":{"rendered":"https:\/\/zalakain.eus\/?page_id=2"},"modified":"2026-04-10T09:53:24","modified_gmt":"2026-04-10T07:53:24","slug":"sample-page","status":"publish","type":"page","link":"https:\/\/zalakain.eus\/es\/","title":{"rendered":"Home"},"content":{"rendered":"","protected":false},"excerpt":{"rendered":"","protected":false},"author":1,"featured_media":0,"parent":0,"menu_order":0,"comment_status":"closed","ping_status":"closed","template":"template-homepage.php","meta":{"_acf_changed":false,"footnotes":""},"class_list":["post-2","page","type-page","status-publish","hentry"],"acf":[],"yoast_head":"<!-- This site is optimized with the Yoast SEO plugin v27.3 - https:\/\/yoast.com\/product\/yoast-seo-wordpress\/ -->\n<title>Asesor\u00eda jur\u00eddica en Andoain | Aitziber Zalakain<\/title>\n<meta name=\"description\" content=\"Asesor\u00eda jur\u00eddica en Andoain. Derecho civil, familia, divorcios, herencias y testamentos. Administraci\u00f3n de fincas y comunidades de vecinos. Atenci\u00f3n profesional y cercana.\" \/>\n<meta name=\"robots\" content=\"index, follow, max-snippet:-1, max-image-preview:large, max-video-preview:-1\" \/>\n<link rel=\"canonical\" href=\"https:\/\/zalakain.eus\/es\/\" \/>\n<meta property=\"og:locale\" content=\"es_ES\" \/>\n<meta property=\"og:type\" content=\"article\" \/>\n<meta property=\"og:title\" content=\"Asesor\u00eda jur\u00eddica en Andoain | Aitziber Zalakain\" \/>\n<meta property=\"og:description\" content=\"Asesor\u00eda jur\u00eddica en Andoain. Derecho civil, familia, divorcios, herencias y testamentos. Administraci\u00f3n de fincas y comunidades de vecinos. Atenci\u00f3n profesional y cercana.\" \/>\n<meta property=\"og:url\" content=\"https:\/\/zalakain.eus\/es\/\" \/>\n<meta property=\"og:site_name\" content=\"Aitziber Zalakain\" \/>\n<meta property=\"article:modified_time\" content=\"2026-04-10T07:53:24+00:00\" \/>\n<meta name=\"twitter:card\" content=\"summary_large_image\" \/>\n<meta name=\"twitter:label1\" content=\"Tiempo de lectura\" \/>\n\t<meta name=\"twitter:data1\" content=\"1 minuto\" \/>\n<script type=\"application\/ld+json\" class=\"yoast-schema-graph\">{\"@context\":\"https:\\\/\\\/schema.org\",\"@graph\":[{\"@type\":\"WebPage\",\"@id\":\"https:\\\/\\\/zalakain.eus\\\/es\\\/\",\"url\":\"https:\\\/\\\/zalakain.eus\\\/es\\\/\",\"name\":\"Asesor\u00eda jur\u00eddica en Andoain | Aitziber Zalakain\",\"isPartOf\":{\"@id\":\"https:\\\/\\\/zalakain.eus\\\/es\\\/#website\"},\"datePublished\":\"2025-10-31T08:32:38+00:00\",\"dateModified\":\"2026-04-10T07:53:24+00:00\",\"description\":\"Asesor\u00eda jur\u00eddica en Andoain. Derecho civil, familia, divorcios, herencias y testamentos. Administraci\u00f3n de fincas y comunidades de vecinos. Atenci\u00f3n profesional y cercana.\",\"breadcrumb\":{\"@id\":\"https:\\\/\\\/zalakain.eus\\\/es\\\/#breadcrumb\"},\"inLanguage\":\"es\",\"potentialAction\":[{\"@type\":\"ReadAction\",\"target\":[\"https:\\\/\\\/zalakain.eus\\\/es\\\/\"]}]},{\"@type\":\"BreadcrumbList\",\"@id\":\"https:\\\/\\\/zalakain.eus\\\/es\\\/#breadcrumb\",\"itemListElement\":[{\"@type\":\"ListItem\",\"position\":1,\"name\":\"Home\",\"item\":\"https:\\\/\\\/zalakain.eus\\\/es\\\/\"},{\"@type\":\"ListItem\",\"position\":2,\"name\":\"Home\"}]},{\"@type\":\"WebSite\",\"@id\":\"https:\\\/\\\/zalakain.eus\\\/es\\\/#website\",\"url\":\"https:\\\/\\\/zalakain.eus\\\/es\\\/\",\"name\":\"Aitziber Zalakain\",\"description\":\"\",\"potentialAction\":[{\"@type\":\"SearchAction\",\"target\":{\"@type\":\"EntryPoint\",\"urlTemplate\":\"https:\\\/\\\/zalakain.eus\\\/es\\\/?s={search_term_string}\"},\"query-input\":{\"@type\":\"PropertyValueSpecification\",\"valueRequired\":true,\"valueName\":\"search_term_string\"}}],\"inLanguage\":\"es\"}]}<\/script>\n<!-- \/ Yoast SEO plugin. -->","yoast_head_json":{"title":"Asesor\u00eda jur\u00eddica en Andoain | Aitziber Zalakain","description":"Asesor\u00eda jur\u00eddica en Andoain. Derecho civil, familia, divorcios, herencias y testamentos. Administraci\u00f3n de fincas y comunidades de vecinos. Atenci\u00f3n profesional y cercana.","robots":{"index":"index","follow":"follow","max-snippet":"max-snippet:-1","max-image-preview":"max-image-preview:large","max-video-preview":"max-video-preview:-1"},"canonical":"https:\/\/zalakain.eus\/es\/","og_locale":"es_ES","og_type":"article","og_title":"Asesor\u00eda jur\u00eddica en Andoain | Aitziber Zalakain","og_description":"Asesor\u00eda jur\u00eddica en Andoain. Derecho civil, familia, divorcios, herencias y testamentos. Administraci\u00f3n de fincas y comunidades de vecinos. Atenci\u00f3n profesional y cercana.","og_url":"https:\/\/zalakain.eus\/es\/","og_site_name":"Aitziber Zalakain","article_modified_time":"2026-04-10T07:53:24+00:00","twitter_card":"summary_large_image","twitter_misc":{"Tiempo de lectura":"1 minuto"},"schema":{"@context":"https:\/\/schema.org","@graph":[{"@type":"WebPage","@id":"https:\/\/zalakain.eus\/es\/","url":"https:\/\/zalakain.eus\/es\/","name":"Asesor\u00eda jur\u00eddica en Andoain | Aitziber Zalakain","isPartOf":{"@id":"https:\/\/zalakain.eus\/es\/#website"},"datePublished":"2025-10-31T08:32:38+00:00","dateModified":"2026-04-10T07:53:24+00:00","description":"Asesor\u00eda jur\u00eddica en Andoain. Derecho civil, familia, divorcios, herencias y testamentos. Administraci\u00f3n de fincas y comunidades de vecinos. Atenci\u00f3n profesional y cercana.","breadcrumb":{"@id":"https:\/\/zalakain.eus\/es\/#breadcrumb"},"inLanguage":"es","potentialAction":[{"@type":"ReadAction","target":["https:\/\/zalakain.eus\/es\/"]}]},{"@type":"BreadcrumbList","@id":"https:\/\/zalakain.eus\/es\/#breadcrumb","itemListElement":[{"@type":"ListItem","position":1,"name":"Home","item":"https:\/\/zalakain.eus\/es\/"},{"@type":"ListItem","position":2,"name":"Home"}]},{"@type":"WebSite","@id":"https:\/\/zalakain.eus\/es\/#website","url":"https:\/\/zalakain.eus\/es\/","name":"Aitziber Zalakain","description":"","potentialAction":[{"@type":"SearchAction","target":{"@type":"EntryPoint","urlTemplate":"https:\/\/zalakain.eus\/es\/?s={search_term_string}"},"query-input":{"@type":"PropertyValueSpecification","valueRequired":true,"valueName":"search_term_string"}}],"inLanguage":"es"}]}},"_links":{"self":[{"href":"https:\/\/zalakain.eus\/es\/wp-json\/wp\/v2\/pages\/2","targetHints":{"allow":["GET"]}}],"collection":[{"href":"https:\/\/zalakain.eus\/es\/wp-json\/wp\/v2\/pages"}],"about":[{"href":"https:\/\/zalakain.eus\/es\/wp-json\/wp\/v2\/types\/page"}],"author":[{"embeddable":true,"href":"https:\/\/zalakain.eus\/es\/wp-json\/wp\/v2\/users\/1"}],"replies":[{"embeddable":true,"href":"https:\/\/zalakain.eus\/es\/wp-json\/wp\/v2\/comments?post=2"}],"version-history":[{"count":3,"href":"https:\/\/zalakain.eus\/es\/wp-json\/wp\/v2\/pages\/2\/revisions"}],"predecessor-version":[{"id":77,"href":"https:\/\/zalakain.eus\/es\/wp-json\/wp\/v2\/pages\/2\/revisions\/77"}],"wp:attachment":[{"href":"https:\/\/zalakain.eus\/es\/wp-json\/wp\/v2\/media?parent=2"}],"curies":[{"name":"wp","href":"https:\/\/api.w.org\/{rel}","templated":true}]}}