{"id":66,"date":"2026-04-07T11:42:32","date_gmt":"2026-04-07T09:42:32","guid":{"rendered":"https:\/\/zalakain.eus\/?page_id=66"},"modified":"2026-04-10T09:56:25","modified_gmt":"2026-04-10T07:56:25","slug":"servicios","status":"publish","type":"page","link":"https:\/\/zalakain.eus\/es\/servicios\/","title":{"rendered":"Servicios"},"content":{"rendered":"","protected":false},"excerpt":{"rendered":"","protected":false},"author":1,"featured_media":0,"parent":0,"menu_order":0,"comment_status":"closed","ping_status":"closed","template":"template-servicios.php","meta":{"_acf_changed":false,"footnotes":""},"class_list":["post-66","page","type-page","status-publish","hentry"],"acf":[],"yoast_head":"<!-- This site is optimized with the Yoast SEO plugin v27.3 - https:\/\/yoast.com\/product\/yoast-seo-wordpress\/ -->\n<title>Servicios jur\u00eddicos en Andoain | Aitziber Zalakain<\/title>\n<meta name=\"description\" content=\"Servicios jur\u00eddicos en Andoain: derecho civil, familia, herencias, divorcios y comunidades de vecinos. Asesor\u00eda profesional en Gipuzkoa con atenci\u00f3n personalizada y soluciones legales eficaces.\" \/>\n<meta name=\"robots\" content=\"index, follow, max-snippet:-1, max-image-preview:large, max-video-preview:-1\" \/>\n<link rel=\"canonical\" href=\"https:\/\/zalakain.eus\/es\/servicios\/\" \/>\n<meta property=\"og:locale\" content=\"es_ES\" \/>\n<meta property=\"og:type\" content=\"article\" \/>\n<meta property=\"og:title\" content=\"Servicios jur\u00eddicos en Andoain | Aitziber Zalakain\" \/>\n<meta property=\"og:description\" content=\"Servicios jur\u00eddicos en Andoain: derecho civil, familia, herencias, divorcios y comunidades de vecinos. Asesor\u00eda profesional en Gipuzkoa con atenci\u00f3n personalizada y soluciones legales eficaces.\" \/>\n<meta property=\"og:url\" content=\"https:\/\/zalakain.eus\/es\/servicios\/\" \/>\n<meta property=\"og:site_name\" content=\"Aitziber Zalakain\" \/>\n<meta property=\"article:modified_time\" content=\"2026-04-10T07:56:25+00:00\" \/>\n<meta name=\"twitter:card\" content=\"summary_large_image\" \/>\n<script type=\"application\/ld+json\" class=\"yoast-schema-graph\">{\"@context\":\"https:\\\/\\\/schema.org\",\"@graph\":[{\"@type\":\"WebPage\",\"@id\":\"https:\\\/\\\/zalakain.eus\\\/es\\\/servicios\\\/\",\"url\":\"https:\\\/\\\/zalakain.eus\\\/es\\\/servicios\\\/\",\"name\":\"Servicios jur\u00eddicos en Andoain | Aitziber Zalakain\",\"isPartOf\":{\"@id\":\"https:\\\/\\\/zalakain.eus\\\/es\\\/#website\"},\"datePublished\":\"2026-04-07T09:42:32+00:00\",\"dateModified\":\"2026-04-10T07:56:25+00:00\",\"description\":\"Servicios jur\u00eddicos en Andoain: derecho civil, familia, herencias, divorcios y comunidades de vecinos. Asesor\u00eda profesional en Gipuzkoa con atenci\u00f3n personalizada y soluciones legales eficaces.\",\"breadcrumb\":{\"@id\":\"https:\\\/\\\/zalakain.eus\\\/es\\\/servicios\\\/#breadcrumb\"},\"inLanguage\":\"es\",\"potentialAction\":[{\"@type\":\"ReadAction\",\"target\":[\"https:\\\/\\\/zalakain.eus\\\/es\\\/servicios\\\/\"]}]},{\"@type\":\"BreadcrumbList\",\"@id\":\"https:\\\/\\\/zalakain.eus\\\/es\\\/servicios\\\/#breadcrumb\",\"itemListElement\":[{\"@type\":\"ListItem\",\"position\":1,\"name\":\"Home\",\"item\":\"https:\\\/\\\/zalakain.eus\\\/es\\\/\"},{\"@type\":\"ListItem\",\"position\":2,\"name\":\"Servicios\"}]},{\"@type\":\"WebSite\",\"@id\":\"https:\\\/\\\/zalakain.eus\\\/es\\\/#website\",\"url\":\"https:\\\/\\\/zalakain.eus\\\/es\\\/\",\"name\":\"Aitziber Zalakain\",\"description\":\"\",\"potentialAction\":[{\"@type\":\"SearchAction\",\"target\":{\"@type\":\"EntryPoint\",\"urlTemplate\":\"https:\\\/\\\/zalakain.eus\\\/es\\\/?s={search_term_string}\"},\"query-input\":{\"@type\":\"PropertyValueSpecification\",\"valueRequired\":true,\"valueName\":\"search_term_string\"}}],\"inLanguage\":\"es\"}]}<\/script>\n<!-- \/ Yoast SEO plugin. -->","yoast_head_json":{"title":"Servicios jur\u00eddicos en Andoain | Aitziber Zalakain","description":"Servicios jur\u00eddicos en Andoain: derecho civil, familia, herencias, divorcios y comunidades de vecinos. Asesor\u00eda profesional en Gipuzkoa con atenci\u00f3n personalizada y soluciones legales eficaces.","robots":{"index":"index","follow":"follow","max-snippet":"max-snippet:-1","max-image-preview":"max-image-preview:large","max-video-preview":"max-video-preview:-1"},"canonical":"https:\/\/zalakain.eus\/es\/servicios\/","og_locale":"es_ES","og_type":"article","og_title":"Servicios jur\u00eddicos en Andoain | Aitziber Zalakain","og_description":"Servicios jur\u00eddicos en Andoain: derecho civil, familia, herencias, divorcios y comunidades de vecinos. Asesor\u00eda profesional en Gipuzkoa con atenci\u00f3n personalizada y soluciones legales eficaces.","og_url":"https:\/\/zalakain.eus\/es\/servicios\/","og_site_name":"Aitziber Zalakain","article_modified_time":"2026-04-10T07:56:25+00:00","twitter_card":"summary_large_image","schema":{"@context":"https:\/\/schema.org","@graph":[{"@type":"WebPage","@id":"https:\/\/zalakain.eus\/es\/servicios\/","url":"https:\/\/zalakain.eus\/es\/servicios\/","name":"Servicios jur\u00eddicos en Andoain | Aitziber Zalakain","isPartOf":{"@id":"https:\/\/zalakain.eus\/es\/#website"},"datePublished":"2026-04-07T09:42:32+00:00","dateModified":"2026-04-10T07:56:25+00:00","description":"Servicios jur\u00eddicos en Andoain: derecho civil, familia, herencias, divorcios y comunidades de vecinos. Asesor\u00eda profesional en Gipuzkoa con atenci\u00f3n personalizada y soluciones legales eficaces.","breadcrumb":{"@id":"https:\/\/zalakain.eus\/es\/servicios\/#breadcrumb"},"inLanguage":"es","potentialAction":[{"@type":"ReadAction","target":["https:\/\/zalakain.eus\/es\/servicios\/"]}]},{"@type":"BreadcrumbList","@id":"https:\/\/zalakain.eus\/es\/servicios\/#breadcrumb","itemListElement":[{"@type":"ListItem","position":1,"name":"Home","item":"https:\/\/zalakain.eus\/es\/"},{"@type":"ListItem","position":2,"name":"Servicios"}]},{"@type":"WebSite","@id":"https:\/\/zalakain.eus\/es\/#website","url":"https:\/\/zalakain.eus\/es\/","name":"Aitziber Zalakain","description":"","potentialAction":[{"@type":"SearchAction","target":{"@type":"EntryPoint","urlTemplate":"https:\/\/zalakain.eus\/es\/?s={search_term_string}"},"query-input":{"@type":"PropertyValueSpecification","valueRequired":true,"valueName":"search_term_string"}}],"inLanguage":"es"}]}},"_links":{"self":[{"href":"https:\/\/zalakain.eus\/es\/wp-json\/wp\/v2\/pages\/66","targetHints":{"allow":["GET"]}}],"collection":[{"href":"https:\/\/zalakain.eus\/es\/wp-json\/wp\/v2\/pages"}],"about":[{"href":"https:\/\/zalakain.eus\/es\/wp-json\/wp\/v2\/types\/page"}],"author":[{"embeddable":true,"href":"https:\/\/zalakain.eus\/es\/wp-json\/wp\/v2\/users\/1"}],"replies":[{"embeddable":true,"href":"https:\/\/zalakain.eus\/es\/wp-json\/wp\/v2\/comments?post=66"}],"version-history":[{"count":2,"href":"https:\/\/zalakain.eus\/es\/wp-json\/wp\/v2\/pages\/66\/revisions"}],"predecessor-version":[{"id":74,"href":"https:\/\/zalakain.eus\/es\/wp-json\/wp\/v2\/pages\/66\/revisions\/74"}],"wp:attachment":[{"href":"https:\/\/zalakain.eus\/es\/wp-json\/wp\/v2\/media?parent=66"}],"curies":[{"name":"wp","href":"https:\/\/api.w.org\/{rel}","templated":true}]}}